{"id":2738,"date":"2022-10-24T13:32:43","date_gmt":"2022-10-24T13:32:43","guid":{"rendered":"https:\/\/web.digityser.com\/mpf\/?page_id=2738"},"modified":"2022-11-03T14:14:27","modified_gmt":"2022-11-03T14:14:27","slug":"notre-coffret","status":"publish","type":"page","link":"https:\/\/web.digityser.com\/mpf\/notre-coffret\/","title":{"rendered":"Notre coffret"},"content":{"rendered":"\t\t<div data-elementor-type=\"wp-page\" data-elementor-id=\"2738\" class=\"elementor elementor-2738\">\n\t\t\t\t\t\t\t\t\t<section data-exad-particle-enable=\"false\" class=\"elementor-section elementor-top-section elementor-element elementor-element-835baac elementor-section-boxed elementor-section-height-default elementor-section-height-default exad-parallax-effect-no exad-background-color-change-no exad-glass-effect-no exad-sticky-section-no exwb-magnet-no\" data-id=\"835baac\" data-element_type=\"section\" data-settings=\"{&quot;background_background&quot;:&quot;classic&quot;,&quot;shape_divider_bottom&quot;:&quot;wave-brush&quot;}\">\n\t\t\t\t\t\t\t<div class=\"elementor-background-overlay\"><\/div>\n\t\t\t\t\t\t<div class=\"elementor-shape elementor-shape-bottom\" data-negative=\"false\">\n\t\t\t<svg xmlns=\"http:\/\/www.w3.org\/2000\/svg\" viewBox=\"0 0 283.5 27.8\" preserveAspectRatio=\"none\">\n\t<path class=\"elementor-shape-fill\" d=\"M283.5,9.7c0,0-7.3,4.3-14,4.6c-6.8,0.3-12.6,0-20.9-1.5c-11.3-2-33.1-10.1-44.7-5.7\ts-12.1,4.6-18,7.4c-6.6,3.2-20,9.6-36.6,9.3C131.6,23.5,99.5,7.2,86.3,8c-1.4,0.1-6.6,0.8-10.5,2c-3.8,1.2-9.4,3.8-17,4.7\tc-3.2,0.4-8.3,1.1-14.2,0.9c-1.5-0.1-6.3-0.4-12-1.6c-5.7-1.2-11-3.1-15.8-3.7C6.5,9.2,0,10.8,0,10.8V0h283.5V9.7z M260.8,11.3\tc-0.7-1-2-0.4-4.3-0.4c-2.3,0-6.1-1.2-5.8-1.1c0.3,0.1,3.1,1.5,6,1.9C259.7,12.2,261.4,12.3,260.8,11.3z M242.4,8.6\tc0,0-2.4-0.2-5.6-0.9c-3.2-0.8-10.3-2.8-15.1-3.5c-8.2-1.1-15.8,0-15.1,0.1c0.8,0.1,9.6-0.6,17.6,1.1c3.3,0.7,9.3,2.2,12.4,2.7\tC239.9,8.7,242.4,8.6,242.4,8.6z M185.2,8.5c1.7-0.7-13.3,4.7-18.5,6.1c-2.1,0.6-6.2,1.6-10,2c-3.9,0.4-8.9,0.4-8.8,0.5\tc0,0.2,5.8,0.8,11.2,0c5.4-0.8,5.2-1.1,7.6-1.6C170.5,14.7,183.5,9.2,185.2,8.5z M199.1,6.9c0.2,0-0.8-0.4-4.8,1.1\tc-4,1.5-6.7,3.5-6.9,3.7c-0.2,0.1,3.5-1.8,6.6-3C197,7.5,199,6.9,199.1,6.9z M283,6c-0.1,0.1-1.9,1.1-4.8,2.5s-6.9,2.8-6.7,2.7\tc0.2,0,3.5-0.6,7.4-2.5C282.8,6.8,283.1,5.9,283,6z M31.3,11.6c0.1-0.2-1.9-0.2-4.5-1.2s-5.4-1.6-7.8-2C15,7.6,7.3,8.5,7.7,8.6\tC8,8.7,15.9,8.3,20.2,9.3c2.2,0.5,2.4,0.5,5.7,1.6S31.2,11.9,31.3,11.6z M73,9.2c0.4-0.1,3.5-1.6,8.4-2.6c4.9-1.1,8.9-0.5,8.9-0.8\tc0-0.3-1-0.9-6.2-0.3S72.6,9.3,73,9.2z M71.6,6.7C71.8,6.8,75,5.4,77.3,5c2.3-0.3,1.9-0.5,1.9-0.6c0-0.1-1.1-0.2-2.7,0.2\tC74.8,5.1,71.4,6.6,71.6,6.7z M93.6,4.4c0.1,0.2,3.5,0.8,5.6,1.8c2.1,1,1.8,0.6,1.9,0.5c0.1-0.1-0.8-0.8-2.4-1.3\tC97.1,4.8,93.5,4.2,93.6,4.4z M65.4,11.1c-0.1,0.3,0.3,0.5,1.9-0.2s2.6-1.3,2.2-1.2s-0.9,0.4-2.5,0.8C65.3,10.9,65.5,10.8,65.4,11.1\tz M34.5,12.4c-0.2,0,2.1,0.8,3.3,0.9c1.2,0.1,2,0.1,2-0.2c0-0.3-0.1-0.5-1.6-0.4C36.6,12.8,34.7,12.4,34.5,12.4z M152.2,21.1\tc-0.1,0.1-2.4-0.3-7.5-0.3c-5,0-13.6-2.4-17.2-3.5c-3.6-1.1,10,3.9,16.5,4.1C150.5,21.6,152.3,21,152.2,21.1z\"\/>\n\t<path class=\"elementor-shape-fill\" d=\"M269.6,18c-0.1-0.1-4.6,0.3-7.2,0c-7.3-0.7-17-3.2-16.6-2.9c0.4,0.3,13.7,3.1,17,3.3\tC267.7,18.8,269.7,18,269.6,18z\"\/>\n\t<path class=\"elementor-shape-fill\" d=\"M227.4,9.8c-0.2-0.1-4.5-1-9.5-1.2c-5-0.2-12.7,0.6-12.3,0.5c0.3-0.1,5.9-1.8,13.3-1.2\tS227.6,9.9,227.4,9.8z\"\/>\n\t<path class=\"elementor-shape-fill\" d=\"M204.5,13.4c-0.1-0.1,2-1,3.2-1.1c1.2-0.1,2,0,2,0.3c0,0.3-0.1,0.5-1.6,0.4\tC206.4,12.9,204.6,13.5,204.5,13.4z\"\/>\n\t<path class=\"elementor-shape-fill\" d=\"M201,10.6c0-0.1-4.4,1.2-6.3,2.2c-1.9,0.9-6.2,3.1-6.1,3.1c0.1,0.1,4.2-1.6,6.3-2.6\tS201,10.7,201,10.6z\"\/>\n\t<path class=\"elementor-shape-fill\" d=\"M154.5,26.7c-0.1-0.1-4.6,0.3-7.2,0c-7.3-0.7-17-3.2-16.6-2.9c0.4,0.3,13.7,3.1,17,3.3\tC152.6,27.5,154.6,26.8,154.5,26.7z\"\/>\n\t<path class=\"elementor-shape-fill\" d=\"M41.9,19.3c0,0,1.2-0.3,2.9-0.1c1.7,0.2,5.8,0.9,8.2,0.7c4.2-0.4,7.4-2.7,7-2.6\tc-0.4,0-4.3,2.2-8.6,1.9c-1.8-0.1-5.1-0.5-6.7-0.4S41.9,19.3,41.9,19.3z\"\/>\n\t<path class=\"elementor-shape-fill\" d=\"M75.5,12.6c0.2,0.1,2-0.8,4.3-1.1c2.3-0.2,2.1-0.3,2.1-0.5c0-0.1-1.8-0.4-3.4,0\tC76.9,11.5,75.3,12.5,75.5,12.6z\"\/>\n\t<path class=\"elementor-shape-fill\" d=\"M15.6,13.2c0-0.1,4.3,0,6.7,0.5c2.4,0.5,5,1.9,5,2c0,0.1-2.7-0.8-5.1-1.4\tC19.9,13.7,15.7,13.3,15.6,13.2z\"\/>\n<\/svg>\t\t<\/div>\n\t\t\t\t\t<div class=\"elementor-container elementor-column-gap-default\">\n\t\t\t\t\t<div class=\"elementor-column elementor-col-100 elementor-top-column elementor-element elementor-element-4396daf exad-glass-effect-no exad-sticky-section-no exwb-magnet-no\" data-id=\"4396daf\" data-element_type=\"column\">\n\t\t\t<div class=\"elementor-widget-wrap elementor-element-populated\">\n\t\t\t\t\t\t\t\t<div class=\"elementor-element elementor-element-81a8728 exad-sticky-section-no exwb-magnet-no exad-glass-effect-no elementor-widget elementor-widget-heading\" data-id=\"81a8728\" data-element_type=\"widget\" data-widget_type=\"heading.default\">\n\t\t\t\t<div class=\"elementor-widget-container\">\n\t\t\t<style>\/*! elementor - v3.15.0 - 20-08-2023 *\/\n.elementor-heading-title{padding:0;margin:0;line-height:1}.elementor-widget-heading .elementor-heading-title[class*=elementor-size-]>a{color:inherit;font-size:inherit;line-height:inherit}.elementor-widget-heading .elementor-heading-title.elementor-size-small{font-size:15px}.elementor-widget-heading .elementor-heading-title.elementor-size-medium{font-size:19px}.elementor-widget-heading .elementor-heading-title.elementor-size-large{font-size:29px}.elementor-widget-heading .elementor-heading-title.elementor-size-xl{font-size:39px}.elementor-widget-heading .elementor-heading-title.elementor-size-xxl{font-size:59px}<\/style><h1 class=\"elementor-heading-title elementor-size-default\">Notre coffret<\/h1>\t\t<\/div>\n\t\t\t\t<\/div>\n\t\t\t\t\t<\/div>\n\t\t<\/div>\n\t\t\t\t\t\t\t<\/div>\n\t\t<\/section>\n\t\t\t\t<section data-exad-particle-enable=\"false\" class=\"elementor-section elementor-top-section elementor-element elementor-element-31f9be2c elementor-section-boxed elementor-section-height-default elementor-section-height-default exad-parallax-effect-no exad-background-color-change-no exad-glass-effect-no exad-sticky-section-no exwb-magnet-no\" data-id=\"31f9be2c\" data-element_type=\"section\" data-settings=\"{&quot;background_background&quot;:&quot;classic&quot;}\">\n\t\t\t\t\t\t<div class=\"elementor-container elementor-column-gap-default\">\n\t\t\t\t\t<div class=\"elementor-column elementor-col-100 elementor-top-column elementor-element elementor-element-65dbf53d exad-glass-effect-no exad-sticky-section-no exwb-magnet-no\" data-id=\"65dbf53d\" data-element_type=\"column\">\n\t\t\t<div class=\"elementor-widget-wrap elementor-element-populated\">\n\t\t\t\t\t\t\t\t<section data-exad-particle-enable=\"false\" class=\"elementor-section elementor-inner-section elementor-element elementor-element-148a2c10 elementor-section-boxed elementor-section-height-default elementor-section-height-default exad-parallax-effect-no exad-background-color-change-no exad-glass-effect-no exad-sticky-section-no exwb-magnet-no\" data-id=\"148a2c10\" data-element_type=\"section\">\n\t\t\t\t\t\t<div class=\"elementor-container elementor-column-gap-default\">\n\t\t\t\t\t<div class=\"elementor-column elementor-col-100 elementor-inner-column elementor-element elementor-element-35b5a1d7 exad-glass-effect-no exad-sticky-section-no exwb-magnet-no\" data-id=\"35b5a1d7\" data-element_type=\"column\">\n\t\t\t<div class=\"elementor-widget-wrap elementor-element-populated\">\n\t\t\t\t\t\t\t\t<div class=\"elementor-element elementor-element-5fb8f4d7 exad-sticky-section-no exwb-magnet-no exad-glass-effect-no elementor-widget elementor-widget-exad-animated-text\" data-id=\"5fb8f4d7\" data-element_type=\"widget\" data-widget_type=\"exad-animated-text.default\">\n\t\t\t\t<div class=\"elementor-widget-container\">\n\t\t\t\n\t\t<div class=\"exad-animated-text exad-animated-text-align-center\">\n\n\t\t\t\n\t\t\t<h2 class=\"exad-typed-strings\" data-type_string=\"[&quot;3&quot;]\" data-heading_animation=\"exad-morphed-animation\" data-animation_style=\"lightSpeedIn\" data-animation_speed=\"3000\">\n\n\t\t\t\t<span class=\"exad-animated-text-pre-heading\">Notre coffret<\/span><span id=\"exad-animated-text-160\" class=\"exad-animated-text-animated-heading\">3<\/span><span class=\"exad-animated-text-post-heading\">bi\u00e8res bio<\/span>\n\t\t\t<\/h2>\n\n\t\t\t\n\t\t<\/div>\n\t\t\t<\/div>\n\t\t\t\t<\/div>\n\t\t\t\t\t<\/div>\n\t\t<\/div>\n\t\t\t\t\t\t\t<\/div>\n\t\t<\/section>\n\t\t\t\t\t<\/div>\n\t\t<\/div>\n\t\t\t\t\t\t\t<\/div>\n\t\t<\/section>\n\t\t\t\t<section data-exad-particle-enable=\"false\" class=\"elementor-section elementor-top-section elementor-element elementor-element-2ca23081 elementor-section-boxed elementor-section-height-default elementor-section-height-default exad-parallax-effect-no exad-background-color-change-no exad-glass-effect-no exad-sticky-section-no exwb-magnet-no\" data-id=\"2ca23081\" data-element_type=\"section\" data-settings=\"{&quot;background_background&quot;:&quot;slideshow&quot;,&quot;background_slideshow_gallery&quot;:[{&quot;id&quot;:3374,&quot;url&quot;:&quot;https:\\\/\\\/web.digityser.com\\\/mpf\\\/wp-content\\\/uploads\\\/sites\\\/61\\\/2022\\\/10\\\/paperboard-texture-1-scaled.jpg&quot;}],&quot;shape_divider_top&quot;:&quot;opacity-fan&quot;,&quot;shape_divider_bottom&quot;:&quot;opacity-fan&quot;,&quot;background_slideshow_loop&quot;:&quot;yes&quot;,&quot;background_slideshow_slide_duration&quot;:5000,&quot;background_slideshow_slide_transition&quot;:&quot;fade&quot;,&quot;background_slideshow_transition_duration&quot;:500}\">\n\t\t\t\t\t<div class=\"elementor-shape elementor-shape-top\" data-negative=\"false\">\n\t\t\t<svg xmlns=\"http:\/\/www.w3.org\/2000\/svg\" viewBox=\"0 0 283.5 19.6\" preserveAspectRatio=\"none\">\n\t<path class=\"elementor-shape-fill\" style=\"opacity:0.33\" d=\"M0 0L0 18.8 141.8 4.1 283.5 18.8 283.5 0z\"\/>\n\t<path class=\"elementor-shape-fill\" style=\"opacity:0.33\" d=\"M0 0L0 12.6 141.8 4 283.5 12.6 283.5 0z\"\/>\n\t<path class=\"elementor-shape-fill\" style=\"opacity:0.33\" d=\"M0 0L0 6.4 141.8 4 283.5 6.4 283.5 0z\"\/>\n\t<path class=\"elementor-shape-fill\" d=\"M0 0L0 1.2 141.8 4 283.5 1.2 283.5 0z\"\/>\n<\/svg>\t\t<\/div>\n\t\t\t\t<div class=\"elementor-shape elementor-shape-bottom\" data-negative=\"false\">\n\t\t\t<svg xmlns=\"http:\/\/www.w3.org\/2000\/svg\" viewBox=\"0 0 283.5 19.6\" preserveAspectRatio=\"none\">\n\t<path class=\"elementor-shape-fill\" style=\"opacity:0.33\" d=\"M0 0L0 18.8 141.8 4.1 283.5 18.8 283.5 0z\"\/>\n\t<path class=\"elementor-shape-fill\" style=\"opacity:0.33\" d=\"M0 0L0 12.6 141.8 4 283.5 12.6 283.5 0z\"\/>\n\t<path class=\"elementor-shape-fill\" style=\"opacity:0.33\" d=\"M0 0L0 6.4 141.8 4 283.5 6.4 283.5 0z\"\/>\n\t<path class=\"elementor-shape-fill\" d=\"M0 0L0 1.2 141.8 4 283.5 1.2 283.5 0z\"\/>\n<\/svg>\t\t<\/div>\n\t\t\t\t\t<div class=\"elementor-container elementor-column-gap-default\">\n\t\t\t\t\t<div class=\"elementor-column elementor-col-100 elementor-top-column elementor-element elementor-element-b08a100 exad-glass-effect-no exad-sticky-section-no exwb-magnet-no\" data-id=\"b08a100\" data-element_type=\"column\">\n\t\t\t<div class=\"elementor-widget-wrap elementor-element-populated\">\n\t\t\t\t\t\t\t\t<div class=\"elementor-element elementor-element-2eb01b4c exad-sticky-section-no exwb-magnet-no exad-glass-effect-no elementor-widget elementor-widget-exad-image-carousel\" data-id=\"2eb01b4c\" data-element_type=\"widget\" data-widget_type=\"exad-image-carousel.default\">\n\t\t\t\t<div class=\"elementor-widget-container\">\n\t\t\t            <div class=\"exad-image-carousel-wrapper \">\n                <div class=\"exad-image-carousel-prev\">\n                    <i aria-hidden=\"true\" class=\"fas fa-chevron-left\"><\/i>                <\/div>\n                <div class=\"exad-image-carousel-slider  exad-image-carousel-dot-bullet\" data-slides_to_scroll=\"1\" data-slides_to_show=\"1\" data-slides_to_show_tablet=\"2\" data-slides_to_show_mobile=\"1\" data-carousel_nav=\"both\" data-oriantation=\"horizontal\" data-dot_type=\"bullet\" data-infinite_loop=\"true\" data-autoplay=\"true\" data-autoplayspeed=\"4000\" data-center_mode=\"true\" data-center_padding=\"100\" >\n                                            <div class=\"exad-image-carousel-item\" >\n                           <img src=\"https:\/\/web.digityser.com\/mpf\/wp-content\/uploads\/sites\/61\/2022\/10\/mpf-6.jpg\" alt=\"mpf-6\">\n                        <\/div>\n                                            <div class=\"exad-image-carousel-item\" >\n                           <img src=\"https:\/\/web.digityser.com\/mpf\/wp-content\/uploads\/sites\/61\/2022\/10\/mpf-12.jpg\" alt=\"mpf-12\">\n                        <\/div>\n                                            <div class=\"exad-image-carousel-item\" >\n                           <img src=\"https:\/\/web.digityser.com\/mpf\/wp-content\/uploads\/sites\/61\/2022\/10\/mpf-8-scaled.jpg\" alt=\"mpf-8\">\n                        <\/div>\n                                    <\/div>\n                <div class=\"exad-image-carousel-next\">\n                    <i aria-hidden=\"true\" class=\"fas fa-chevron-right\"><\/i>                <\/div>\n            <\/div>\n        \t\t<\/div>\n\t\t\t\t<\/div>\n\t\t\t\t\t<\/div>\n\t\t<\/div>\n\t\t\t\t\t\t\t<\/div>\n\t\t<\/section>\n\t\t\t\t<section data-exad-particle-enable=\"false\" class=\"elementor-section elementor-top-section elementor-element elementor-element-40461869 elementor-section-boxed elementor-section-height-default elementor-section-height-default exad-parallax-effect-no exad-background-color-change-no exad-glass-effect-no exad-sticky-section-no exwb-magnet-no\" data-id=\"40461869\" data-element_type=\"section\" data-settings=\"{&quot;background_background&quot;:&quot;slideshow&quot;,&quot;background_slideshow_gallery&quot;:[],&quot;background_slideshow_loop&quot;:&quot;yes&quot;,&quot;background_slideshow_slide_duration&quot;:5000,&quot;background_slideshow_slide_transition&quot;:&quot;fade&quot;,&quot;background_slideshow_transition_duration&quot;:500}\">\n\t\t\t\t\t\t<div class=\"elementor-container elementor-column-gap-default\">\n\t\t\t\t\t<div class=\"elementor-column elementor-col-100 elementor-top-column elementor-element elementor-element-432b9c1f exad-glass-effect-no exad-sticky-section-no exwb-magnet-no\" data-id=\"432b9c1f\" data-element_type=\"column\">\n\t\t\t<div class=\"elementor-widget-wrap elementor-element-populated\">\n\t\t\t\t\t\t\t\t<div class=\"elementor-element elementor-element-e774fff exad-sticky-section-no exwb-magnet-no exad-glass-effect-no elementor-invisible elementor-widget elementor-widget-text-editor\" data-id=\"e774fff\" data-element_type=\"widget\" data-settings=\"{&quot;_animation&quot;:&quot;bounceIn&quot;}\" data-widget_type=\"text-editor.default\">\n\t\t\t\t<div class=\"elementor-widget-container\">\n\t\t\t<style>\/*! elementor - v3.15.0 - 20-08-2023 *\/\n.elementor-widget-text-editor.elementor-drop-cap-view-stacked .elementor-drop-cap{background-color:#69727d;color:#fff}.elementor-widget-text-editor.elementor-drop-cap-view-framed .elementor-drop-cap{color:#69727d;border:3px solid;background-color:transparent}.elementor-widget-text-editor:not(.elementor-drop-cap-view-default) .elementor-drop-cap{margin-top:8px}.elementor-widget-text-editor:not(.elementor-drop-cap-view-default) .elementor-drop-cap-letter{width:1em;height:1em}.elementor-widget-text-editor .elementor-drop-cap{float:left;text-align:center;line-height:1;font-size:50px}.elementor-widget-text-editor .elementor-drop-cap-letter{display:inline-block}<\/style>\t\t\t\t<p>1 pils sans gluten, 1 blanche, 1 FIPA<\/p>\t\t\t\t\t\t<\/div>\n\t\t\t\t<\/div>\n\t\t\t\t<div class=\"elementor-element elementor-element-f827169 elementor-view-default exad-sticky-section-no exwb-magnet-no exad-glass-effect-no elementor-widget elementor-widget-icon\" data-id=\"f827169\" data-element_type=\"widget\" data-widget_type=\"icon.default\">\n\t\t\t\t<div class=\"elementor-widget-container\">\n\t\t\t\t\t<div class=\"elementor-icon-wrapper\">\n\t\t\t<div class=\"elementor-icon\">\n\t\t\t<i aria-hidden=\"true\" class=\"feather icon-plus\"><\/i>\t\t\t<\/div>\n\t\t<\/div>\n\t\t\t\t<\/div>\n\t\t\t\t<\/div>\n\t\t\t\t<div class=\"elementor-element elementor-element-4f0344d exad-sticky-section-no exwb-magnet-no exad-glass-effect-no elementor-invisible elementor-widget elementor-widget-text-editor\" data-id=\"4f0344d\" data-element_type=\"widget\" data-settings=\"{&quot;_animation&quot;:&quot;bounceIn&quot;}\" data-widget_type=\"text-editor.default\">\n\t\t\t\t<div class=\"elementor-widget-container\">\n\t\t\t\t\t\t\t<p>3 sous-bocks MPF<\/p>\t\t\t\t\t\t<\/div>\n\t\t\t\t<\/div>\n\t\t\t\t<div class=\"elementor-element elementor-element-0c764a5 elementor-view-default exad-sticky-section-no exwb-magnet-no exad-glass-effect-no elementor-widget elementor-widget-icon\" data-id=\"0c764a5\" data-element_type=\"widget\" data-widget_type=\"icon.default\">\n\t\t\t\t<div class=\"elementor-widget-container\">\n\t\t\t\t\t<div class=\"elementor-icon-wrapper\">\n\t\t\t<div class=\"elementor-icon\">\n\t\t\t<i aria-hidden=\"true\" class=\"feather icon-plus\"><\/i>\t\t\t<\/div>\n\t\t<\/div>\n\t\t\t\t<\/div>\n\t\t\t\t<\/div>\n\t\t\t\t<div class=\"elementor-element elementor-element-70eaa3b exad-sticky-section-no exwb-magnet-no exad-glass-effect-no elementor-invisible elementor-widget elementor-widget-text-editor\" data-id=\"70eaa3b\" data-element_type=\"widget\" data-settings=\"{&quot;_animation&quot;:&quot;bounceIn&quot;}\" data-widget_type=\"text-editor.default\">\n\t\t\t\t<div class=\"elementor-widget-container\">\n\t\t\t\t\t\t\t<p>1 verre 50 cl<\/p>\t\t\t\t\t\t<\/div>\n\t\t\t\t<\/div>\n\t\t\t\t\t<\/div>\n\t\t<\/div>\n\t\t\t\t\t\t\t<\/div>\n\t\t<\/section>\n\t\t\t\t\t\t\t<\/div>\n\t\t","protected":false},"excerpt":{"rendered":"<p>Notre coffret Notre coffret3bi\u00e8res bio 1 pils sans gluten, 1 blanche, 1 FIPA 3 sous-bocks MPF 1 verre 50 cl<\/p>\n","protected":false},"author":1,"featured_media":0,"parent":0,"menu_order":0,"comment_status":"closed","ping_status":"closed","template":"","meta":[],"yoast_head":"<!-- This site is optimized with the Yoast SEO plugin v19.13 - https:\/\/yoast.com\/wordpress\/plugins\/seo\/ -->\n<title>Ma Petite Fran\u00e7aise - Notre coffret<\/title>\n<meta name=\"description\" content=\"Id\u00e9e cadeau ! D\u00e9couvrez le coffre Ma Petite Fran\u00e7aise : 1 pils sans gluten, 1 blanche, 1 FIPA, 3 sous-bocks MPF et 1 verre 50cl\" \/>\n<meta name=\"robots\" content=\"index, follow, max-snippet:-1, max-image-preview:large, max-video-preview:-1\" \/>\n<link rel=\"canonical\" href=\"https:\/\/web.digityser.com\/mpf\/notre-coffret\/\" \/>\n<meta property=\"og:locale\" content=\"fr_FR\" \/>\n<meta property=\"og:type\" content=\"article\" \/>\n<meta property=\"og:title\" content=\"Ma Petite Fran\u00e7aise - Notre coffret\" \/>\n<meta property=\"og:description\" content=\"Id\u00e9e cadeau ! D\u00e9couvrez le coffre Ma Petite Fran\u00e7aise : 1 pils sans gluten, 1 blanche, 1 FIPA, 3 sous-bocks MPF et 1 verre 50cl\" \/>\n<meta property=\"og:url\" content=\"https:\/\/web.digityser.com\/mpf\/notre-coffret\/\" \/>\n<meta property=\"og:site_name\" content=\"Ma Petite Fran\u00e7aise\" \/>\n<meta property=\"article:modified_time\" content=\"2022-11-03T14:14:27+00:00\" \/>\n<meta property=\"og:image\" content=\"https:\/\/web.digityser.com\/mpf\/wp-content\/uploads\/sites\/61\/2022\/10\/mpf-6.jpg\" \/>\n<meta name=\"twitter:card\" content=\"summary_large_image\" \/>\n<meta name=\"twitter:label1\" content=\"Dur\u00e9e de lecture estim\u00e9e\" \/>\n\t<meta name=\"twitter:data1\" content=\"1 minute\" \/>\n<script type=\"application\/ld+json\" class=\"yoast-schema-graph\">{\"@context\":\"https:\/\/schema.org\",\"@graph\":[{\"@type\":\"WebPage\",\"@id\":\"https:\/\/web.digityser.com\/mpf\/notre-coffret\/\",\"url\":\"https:\/\/web.digityser.com\/mpf\/notre-coffret\/\",\"name\":\"Ma Petite Fran\u00e7aise - Notre coffret\",\"isPartOf\":{\"@id\":\"https:\/\/web.digityser.com\/mpf\/#website\"},\"datePublished\":\"2022-10-24T13:32:43+00:00\",\"dateModified\":\"2022-11-03T14:14:27+00:00\",\"description\":\"Id\u00e9e cadeau ! D\u00e9couvrez le coffre Ma Petite Fran\u00e7aise : 1 pils sans gluten, 1 blanche, 1 FIPA, 3 sous-bocks MPF et 1 verre 50cl\",\"breadcrumb\":{\"@id\":\"https:\/\/web.digityser.com\/mpf\/notre-coffret\/#breadcrumb\"},\"inLanguage\":\"fr-FR\",\"potentialAction\":[{\"@type\":\"ReadAction\",\"target\":[\"https:\/\/web.digityser.com\/mpf\/notre-coffret\/\"]}]},{\"@type\":\"BreadcrumbList\",\"@id\":\"https:\/\/web.digityser.com\/mpf\/notre-coffret\/#breadcrumb\",\"itemListElement\":[{\"@type\":\"ListItem\",\"position\":1,\"name\":\"Home\",\"item\":\"https:\/\/web.digityser.com\/mpf\/\"},{\"@type\":\"ListItem\",\"position\":2,\"name\":\"Notre coffret\"}]},{\"@type\":\"WebSite\",\"@id\":\"https:\/\/web.digityser.com\/mpf\/#website\",\"url\":\"https:\/\/web.digityser.com\/mpf\/\",\"name\":\"Ma Petite Fran\u00e7aise\",\"description\":\"La bi\u00e8re qui laisse la terre sans empreintre\",\"publisher\":{\"@id\":\"https:\/\/web.digityser.com\/mpf\/#organization\"},\"potentialAction\":[{\"@type\":\"SearchAction\",\"target\":{\"@type\":\"EntryPoint\",\"urlTemplate\":\"https:\/\/web.digityser.com\/mpf\/?s={search_term_string}\"},\"query-input\":\"required name=search_term_string\"}],\"inLanguage\":\"fr-FR\"},{\"@type\":\"Organization\",\"@id\":\"https:\/\/web.digityser.com\/mpf\/#organization\",\"name\":\"Ma Petite Fran\u00e7aise\",\"url\":\"https:\/\/web.digityser.com\/mpf\/\",\"logo\":{\"@type\":\"ImageObject\",\"inLanguage\":\"fr-FR\",\"@id\":\"https:\/\/web.digityser.com\/mpf\/#\/schema\/logo\/image\/\",\"url\":\"https:\/\/web.digityser.com\/mpf\/wp-content\/uploads\/sites\/61\/2022\/09\/cropped-mpf.png\",\"contentUrl\":\"https:\/\/web.digityser.com\/mpf\/wp-content\/uploads\/sites\/61\/2022\/09\/cropped-mpf.png\",\"width\":1333,\"height\":1012,\"caption\":\"Ma Petite Fran\u00e7aise\"},\"image\":{\"@id\":\"https:\/\/web.digityser.com\/mpf\/#\/schema\/logo\/image\/\"}}]}<\/script>\n<!-- \/ Yoast SEO plugin. -->","yoast_head_json":{"title":"Ma Petite Fran\u00e7aise - Notre coffret","description":"Id\u00e9e cadeau ! D\u00e9couvrez le coffre Ma Petite Fran\u00e7aise : 1 pils sans gluten, 1 blanche, 1 FIPA, 3 sous-bocks MPF et 1 verre 50cl","robots":{"index":"index","follow":"follow","max-snippet":"max-snippet:-1","max-image-preview":"max-image-preview:large","max-video-preview":"max-video-preview:-1"},"canonical":"https:\/\/web.digityser.com\/mpf\/notre-coffret\/","og_locale":"fr_FR","og_type":"article","og_title":"Ma Petite Fran\u00e7aise - Notre coffret","og_description":"Id\u00e9e cadeau ! D\u00e9couvrez le coffre Ma Petite Fran\u00e7aise : 1 pils sans gluten, 1 blanche, 1 FIPA, 3 sous-bocks MPF et 1 verre 50cl","og_url":"https:\/\/web.digityser.com\/mpf\/notre-coffret\/","og_site_name":"Ma Petite Fran\u00e7aise","article_modified_time":"2022-11-03T14:14:27+00:00","og_image":[{"url":"https:\/\/web.digityser.com\/mpf\/wp-content\/uploads\/sites\/61\/2022\/10\/mpf-6.jpg"}],"twitter_card":"summary_large_image","twitter_misc":{"Dur\u00e9e de lecture estim\u00e9e":"1 minute"},"schema":{"@context":"https:\/\/schema.org","@graph":[{"@type":"WebPage","@id":"https:\/\/web.digityser.com\/mpf\/notre-coffret\/","url":"https:\/\/web.digityser.com\/mpf\/notre-coffret\/","name":"Ma Petite Fran\u00e7aise - Notre coffret","isPartOf":{"@id":"https:\/\/web.digityser.com\/mpf\/#website"},"datePublished":"2022-10-24T13:32:43+00:00","dateModified":"2022-11-03T14:14:27+00:00","description":"Id\u00e9e cadeau ! D\u00e9couvrez le coffre Ma Petite Fran\u00e7aise : 1 pils sans gluten, 1 blanche, 1 FIPA, 3 sous-bocks MPF et 1 verre 50cl","breadcrumb":{"@id":"https:\/\/web.digityser.com\/mpf\/notre-coffret\/#breadcrumb"},"inLanguage":"fr-FR","potentialAction":[{"@type":"ReadAction","target":["https:\/\/web.digityser.com\/mpf\/notre-coffret\/"]}]},{"@type":"BreadcrumbList","@id":"https:\/\/web.digityser.com\/mpf\/notre-coffret\/#breadcrumb","itemListElement":[{"@type":"ListItem","position":1,"name":"Home","item":"https:\/\/web.digityser.com\/mpf\/"},{"@type":"ListItem","position":2,"name":"Notre coffret"}]},{"@type":"WebSite","@id":"https:\/\/web.digityser.com\/mpf\/#website","url":"https:\/\/web.digityser.com\/mpf\/","name":"Ma Petite Fran\u00e7aise","description":"La bi\u00e8re qui laisse la terre sans empreintre","publisher":{"@id":"https:\/\/web.digityser.com\/mpf\/#organization"},"potentialAction":[{"@type":"SearchAction","target":{"@type":"EntryPoint","urlTemplate":"https:\/\/web.digityser.com\/mpf\/?s={search_term_string}"},"query-input":"required name=search_term_string"}],"inLanguage":"fr-FR"},{"@type":"Organization","@id":"https:\/\/web.digityser.com\/mpf\/#organization","name":"Ma Petite Fran\u00e7aise","url":"https:\/\/web.digityser.com\/mpf\/","logo":{"@type":"ImageObject","inLanguage":"fr-FR","@id":"https:\/\/web.digityser.com\/mpf\/#\/schema\/logo\/image\/","url":"https:\/\/web.digityser.com\/mpf\/wp-content\/uploads\/sites\/61\/2022\/09\/cropped-mpf.png","contentUrl":"https:\/\/web.digityser.com\/mpf\/wp-content\/uploads\/sites\/61\/2022\/09\/cropped-mpf.png","width":1333,"height":1012,"caption":"Ma Petite Fran\u00e7aise"},"image":{"@id":"https:\/\/web.digityser.com\/mpf\/#\/schema\/logo\/image\/"}}]}},"_links":{"self":[{"href":"https:\/\/web.digityser.com\/mpf\/wp-json\/wp\/v2\/pages\/2738"}],"collection":[{"href":"https:\/\/web.digityser.com\/mpf\/wp-json\/wp\/v2\/pages"}],"about":[{"href":"https:\/\/web.digityser.com\/mpf\/wp-json\/wp\/v2\/types\/page"}],"author":[{"embeddable":true,"href":"https:\/\/web.digityser.com\/mpf\/wp-json\/wp\/v2\/users\/1"}],"replies":[{"embeddable":true,"href":"https:\/\/web.digityser.com\/mpf\/wp-json\/wp\/v2\/comments?post=2738"}],"version-history":[{"count":201,"href":"https:\/\/web.digityser.com\/mpf\/wp-json\/wp\/v2\/pages\/2738\/revisions"}],"predecessor-version":[{"id":3610,"href":"https:\/\/web.digityser.com\/mpf\/wp-json\/wp\/v2\/pages\/2738\/revisions\/3610"}],"wp:attachment":[{"href":"https:\/\/web.digityser.com\/mpf\/wp-json\/wp\/v2\/media?parent=2738"}],"curies":[{"name":"wp","href":"https:\/\/api.w.org\/{rel}","templated":true}]}}